{"id":11,"date":"2011-04-01T21:28:41","date_gmt":"2011-04-01T21:28:41","guid":{"rendered":"http:\/\/www.palabrasenvueltas.es\/?page_id=11"},"modified":"2012-10-29T20:27:05","modified_gmt":"2012-10-29T20:27:05","slug":"de-vientos-brisas","status":"publish","type":"page","link":"https:\/\/www.palabrasenvueltas.es\/?page_id=11","title":{"rendered":"De Vientos, Brisas y &#8230;"},"content":{"rendered":"<p><a href=\"http:\/\/www.palabrasenvueltas.es\/wp-content\/uploads\/2011\/12\/Portada_recortada.jpg?w=214\"><img loading=\"lazy\" decoding=\"async\" class=\"size-medium wp-image-68 alignleft\" style=\"margin-left: 20px; margin-right: 20px;\" title=\"Portada_recortada\" src=\"http:\/\/www.palabrasenvueltas.es\/wp-content\/uploads\/2011\/12\/Portada_recortada.jpg?w=214\" alt=\"\" width=\"214\" height=\"300\" \/><\/a><\/p>\n<h4>Mi primer libro publicado.<\/h4>\n<h4>Aqu\u00ed puedes leer los cuatro primeros relatos.<\/h4>\n<h4><a title=\"De Vientos, Brisas...\" href=\"http:\/\/www.palabrasenvueltas.es\/?p=34\">Los zapatos de Gaelle<\/a><br \/>\n<a title=\"De estrellas y br\u00fajulas\" href=\"http:\/\/www.palabrasenvueltas.es\/?p=32 \">De estrellas y br\u00fajulas<\/a><br \/>\n<a title=\"Ausencia\" href=\"http:\/\/www.palabrasenvueltas.es\/?p=30 \">Ausencia<\/a><br \/>\n<a title=\"Aire\" href=\"http:\/\/www.palabrasenvueltas.es\/?p=28\">Aire<\/a><\/h4>\n<h4>El resto del libro puedes conseguirlo a trav\u00e9s del siguiente enlace:<\/h4>\n<h4><a title=\"Bubok\" href=\"http:\/\/www.bubok.es\/libros\/202670\/De-Vientos-Brisas-y-un-Galimatias-airado\" target=\"_blank\">De venta en Bubok<\/a><\/h4>\n","protected":false},"excerpt":{"rendered":"<p>Mi primer libro publicado. Aqu\u00ed puedes leer los cuatro primeros relatos. Los zapatos de Gaelle De estrellas y br\u00fajulas Ausencia Aire El resto del libro puedes conseguirlo a trav\u00e9s del siguiente enlace: De venta en Bubok<\/p>\n","protected":false},"author":1,"featured_media":0,"parent":0,"menu_order":0,"comment_status":"open","ping_status":"closed","template":"","meta":{"footnotes":""},"class_list":["post-11","page","type-page","status-publish","hentry"],"_links":{"self":[{"href":"https:\/\/www.palabrasenvueltas.es\/index.php?rest_route=\/wp\/v2\/pages\/11","targetHints":{"allow":["GET"]}}],"collection":[{"href":"https:\/\/www.palabrasenvueltas.es\/index.php?rest_route=\/wp\/v2\/pages"}],"about":[{"href":"https:\/\/www.palabrasenvueltas.es\/index.php?rest_route=\/wp\/v2\/types\/page"}],"author":[{"embeddable":true,"href":"https:\/\/www.palabrasenvueltas.es\/index.php?rest_route=\/wp\/v2\/users\/1"}],"replies":[{"embeddable":true,"href":"https:\/\/www.palabrasenvueltas.es\/index.php?rest_route=%2Fwp%2Fv2%2Fcomments&post=11"}],"version-history":[{"count":16,"href":"https:\/\/www.palabrasenvueltas.es\/index.php?rest_route=\/wp\/v2\/pages\/11\/revisions"}],"predecessor-version":[{"id":13,"href":"https:\/\/www.palabrasenvueltas.es\/index.php?rest_route=\/wp\/v2\/pages\/11\/revisions\/13"}],"wp:attachment":[{"href":"https:\/\/www.palabrasenvueltas.es\/index.php?rest_route=%2Fwp%2Fv2%2Fmedia&parent=11"}],"curies":[{"name":"wp","href":"https:\/\/api.w.org\/{rel}","templated":true}]}}